{"id":58,"date":"2012-07-13T02:24:38","date_gmt":"2012-07-13T02:24:38","guid":{"rendered":"http:\/\/sv-eberfing.de\/wordpress\/?page_id=58"},"modified":"2015-01-10T14:10:27","modified_gmt":"2015-01-10T14:10:27","slug":"impressum","status":"publish","type":"page","link":"https:\/\/sv-eberfing.de\/wordpress\/impressum\/","title":{"rendered":"Impressum"},"content":{"rendered":"<h1><strong>Impressum<\/strong><\/h1>\n<p><strong>Inhaber:<\/strong><br \/>\nSV Eberfing e.V.<br \/>\nSportplatzstra\u00dfe 11<br \/>\n82390 Eberfing<br \/>\nTel: 08802 \/ 8629<br \/>\nEMail: info@sv-eberfing.de<\/p>\n<p>Gl\u00e4ubiger Identifikations-Nr.: DE 82 ZZZ 0000 1140765<\/p>\n<p><strong>Technik:<\/strong><br \/>\nMichael Schoormann<\/p>\n<p>Verwendung von hier ver\u00f6ffentlichtem Material (auch auszugsweise) ist ohne vorherige, schriftliche Genehmigung seitens der\/des jeweiligen Urheber(s) nicht gestattet. Alle Rechte vorbehalten.<\/p>\n<p>Die Inhalte auf unseren Webseiten werden regelm\u00e4\u00dfig gepr\u00fcft und aktualisiert. Trotzdem k\u00f6nnen sich von uns nicht bemerkte Ver\u00e4nderungen ergeben. Wir k\u00f6nnen deshalb keine Haftung oder Garantie f\u00fcr die Aktualit\u00e4t, Richtigkeit und Vollst\u00e4ndigkeit der von uns zur Verf\u00fcgung gestellten Informationen \u00fcbernehmen. Gleiches gilt auch f\u00fcr alle anderen Webseiten, auf die wir mittels Hyperlink verweisen. Wir k\u00f6nnen den Inhalt der Seiten, die auf Grund einer von uns gesetzten Verbindung erreicht werden, nicht beeinflussen und sind f\u00fcr den Inhalt der Seiten nicht verantwortlich. Wir behalten uns au\u00dferdem das Recht vor, die bereitgestellten Informationen zu ver\u00e4ndern oder zu erg\u00e4nzen.<\/p>\n<p>Vorhandene Bildrechte:<\/p>\n<p>Urheberrecht: <a href=\"http:\/\/de.123rf.com\/profile_seamartini\">seamartini \/ 123RF Stockfoto<\/a><br \/>\nUrheberrecht: <a href=\"http:\/\/de.123rf.com\/profile_dmstudio\">dmstudio \/ 123RF Stockfoto<\/a><br \/>\nUrheberrecht: <a href=\"http:\/\/de.freepik.com\/fotos-vektoren-kostenlos\/menschen\">Menschen Vektor durch Freepik entwickelt<\/a><\/p>\n","protected":false},"excerpt":{"rendered":"<p>Impressum Inhaber: SV Eberfing e.V. Sportplatzstra\u00dfe 11 82390 Eberfing Tel: 08802 \/ 8629 EMail: info@sv-eberfing.de Gl\u00e4ubiger Identifikations-Nr.: DE 82 ZZZ<\/p>\n","protected":false},"author":1,"featured_media":0,"parent":0,"menu_order":0,"comment_status":"closed","ping_status":"closed","template":"","meta":{"colormag_page_container_layout":"default_layout","colormag_page_sidebar_layout":"default_layout","ngg_post_thumbnail":0,"footnotes":""},"class_list":["post-58","page","type-page","status-publish","hentry"],"publishpress_future_action":{"enabled":false,"date":"2026-05-08 11:14:25","action":"change-status","newStatus":"draft","terms":[],"taxonomy":"","extraData":[]},"publishpress_future_workflow_manual_trigger":{"enabledWorkflows":[]},"_links":{"self":[{"href":"https:\/\/sv-eberfing.de\/wordpress\/wp-json\/wp\/v2\/pages\/58","targetHints":{"allow":["GET"]}}],"collection":[{"href":"https:\/\/sv-eberfing.de\/wordpress\/wp-json\/wp\/v2\/pages"}],"about":[{"href":"https:\/\/sv-eberfing.de\/wordpress\/wp-json\/wp\/v2\/types\/page"}],"author":[{"embeddable":true,"href":"https:\/\/sv-eberfing.de\/wordpress\/wp-json\/wp\/v2\/users\/1"}],"replies":[{"embeddable":true,"href":"https:\/\/sv-eberfing.de\/wordpress\/wp-json\/wp\/v2\/comments?post=58"}],"version-history":[{"count":9,"href":"https:\/\/sv-eberfing.de\/wordpress\/wp-json\/wp\/v2\/pages\/58\/revisions"}],"predecessor-version":[{"id":623,"href":"https:\/\/sv-eberfing.de\/wordpress\/wp-json\/wp\/v2\/pages\/58\/revisions\/623"}],"wp:attachment":[{"href":"https:\/\/sv-eberfing.de\/wordpress\/wp-json\/wp\/v2\/media?parent=58"}],"curies":[{"name":"wp","href":"https:\/\/api.w.org\/{rel}","templated":true}]}}