{"id":301,"date":"2026-02-01T14:50:09","date_gmt":"2026-02-01T14:50:09","guid":{"rendered":"http:\/\/sv-eberfing.de\/wordpress\/?page_id=301"},"modified":"2026-02-01T14:50:16","modified_gmt":"2026-02-01T14:50:16","slug":"formulare","status":"publish","type":"page","link":"https:\/\/sv-eberfing.de\/wordpress\/formulare\/","title":{"rendered":"Formulare"},"content":{"rendered":"<h1>Jahresmitgliedsbeitr\u00e4ge<\/h1>\n<p>(keine Spartenbeitr\u00e4ge)<\/p>\n\n\n<figure class=\"wp-block-table\"><table><thead><tr><th>Altersgruppe<\/th><th>Alter<\/th><th>Beitrag<\/th><\/tr><\/thead><tbody><tr><td>Kinder<\/td><td>bis 13 Jahre<\/td><td>29 \u20ac<\/td><\/tr><tr><td>Jugendliche<\/td><td>14 &#8211; 17 Jahre<\/td><td>39 \u20ac<\/td><\/tr><tr><td>Erwachsene<\/td><td>18 &#8211; 64 Jahre<\/td><td>63 \u20ac<\/td><\/tr><tr><td>Senioren<\/td><td>ab 65 Jahre<\/td><td>55 \u20ac<\/td><\/tr><tr><td>Ehepartner<\/td><td><\/td><td>53 \u20ac<\/td><\/tr><\/tbody><\/table><figcaption class=\"wp-element-caption\">Stand Januar 2025<\/figcaption><\/figure>\n\n\n<p style=\"padding-left: 30px;\">&nbsp;<\/p>\n<h1>Mitgliedsantrag<\/h1>\n<p>Einen Mitgliederantrag k\u00f6nnen Sie hier runterladen:<\/p>\n<p><a href=\"https:\/\/sv-eberfing.de\/wordpress\/wp-content\/uploads\/2026\/02\/Aufnahmeantrag-SV-Eberfing_02_2026.pdf\">SV Eberfing Aufnahmeantrag<\/a><\/p>\n<p>Bitte beachten Sie, eine <strong>K\u00fcndigung der Mitgliedschaft<\/strong>&nbsp;kann nur <strong>schriftlich<\/strong> mit Unterschrift erfolgen.<\/p>\n<h1>Einverst\u00e4ndniserkl\u00e4rungen<\/h1>\n<p><a href=\"https:\/\/sv-eberfing.de\/wordpress\/wp-content\/uploads\/2025\/03\/Einverstaendniserklaerung_Bildmaterial_-SV_Eberfing_2025.pdf\">SV Eberfing Einverst\u00e4ndniserkl\u00e4rung Bildrechte<\/a><\/p>\n<p>Das Einverst\u00e4ndnis wird ben\u00f6tigt f\u00fcr die Bildrechte \u2013 als Voraussetzung f\u00fcr die Verwendung des Spielerfotos im \u201eSpiel-Plus\u201c, insbesondere Spielrechtspr\u00fcfung statt Papierpass &#8211; und die Nutzung pers\u00f6nlicher Daten durch den BFV.<\/p>\n<p><a href=\"https:\/\/sv-eberfing.de\/wordpress\/wp-content\/uploads\/2017\/04\/Spielerfoto_Einversta\u0308ndniserkla\u0308rung_zwischen_Verein-Spieler.pdf\">Spielerfoto_Einversta\u0308ndniserkla\u0308rung_zwischen_Verein-Spieler<\/a><\/p>\n<p>&nbsp;<\/p>\n<p class=\"p2\">&nbsp;<\/p>","protected":false},"excerpt":{"rendered":"<p>Jahresmitgliedsbeitr\u00e4ge (keine Spartenbeitr\u00e4ge) Altersgruppe Alter Beitrag Kinder bis 13 Jahre 29 \u20ac Jugendliche 14 &#8211; 17 Jahre 39 \u20ac Erwachsene<\/p>\n","protected":false},"author":1,"featured_media":0,"parent":0,"menu_order":0,"comment_status":"closed","ping_status":"closed","template":"","meta":{"colormag_page_container_layout":"default_layout","colormag_page_sidebar_layout":"default_layout","ngg_post_thumbnail":0,"footnotes":""},"class_list":["post-301","page","type-page","status-publish","hentry"],"publishpress_future_action":{"enabled":false,"date":"2026-05-06 17:07:09","action":"change-status","newStatus":"draft","terms":[],"taxonomy":"","extraData":[]},"publishpress_future_workflow_manual_trigger":{"enabledWorkflows":[]},"_links":{"self":[{"href":"https:\/\/sv-eberfing.de\/wordpress\/wp-json\/wp\/v2\/pages\/301","targetHints":{"allow":["GET"]}}],"collection":[{"href":"https:\/\/sv-eberfing.de\/wordpress\/wp-json\/wp\/v2\/pages"}],"about":[{"href":"https:\/\/sv-eberfing.de\/wordpress\/wp-json\/wp\/v2\/types\/page"}],"author":[{"embeddable":true,"href":"https:\/\/sv-eberfing.de\/wordpress\/wp-json\/wp\/v2\/users\/1"}],"replies":[{"embeddable":true,"href":"https:\/\/sv-eberfing.de\/wordpress\/wp-json\/wp\/v2\/comments?post=301"}],"version-history":[{"count":23,"href":"https:\/\/sv-eberfing.de\/wordpress\/wp-json\/wp\/v2\/pages\/301\/revisions"}],"predecessor-version":[{"id":2322,"href":"https:\/\/sv-eberfing.de\/wordpress\/wp-json\/wp\/v2\/pages\/301\/revisions\/2322"}],"wp:attachment":[{"href":"https:\/\/sv-eberfing.de\/wordpress\/wp-json\/wp\/v2\/media?parent=301"}],"curies":[{"name":"wp","href":"https:\/\/api.w.org\/{rel}","templated":true}]}}