{"id":55,"date":"2012-07-30T13:06:39","date_gmt":"2012-07-30T11:06:39","guid":{"rendered":"http:\/\/sv-eberfing.de\/wordpress\/ls\/?page_id=55"},"modified":"2013-04-19T18:22:05","modified_gmt":"2013-04-19T16:22:05","slug":"allgemein","status":"publish","type":"page","link":"https:\/\/sv-eberfing.de\/wordpress\/ls\/","title":{"rendered":"Allgemein"},"content":{"rendered":"<h1 style=\"text-align: center\"><\/h1>\n<h1 style=\"text-align: center\">Das Deutsche Sportabzeichen<\/h1>\n<p>&nbsp;<\/p>\n<p>Das Deutsche Sportabzeichen kann von jedermann erworben werden und ist in zwei Klassen eingeteilt:<\/p>\n<p>&nbsp;<\/p>\n<p>Das Jugendsportabzeichen von 6 bis 17 Jahre<\/p>\n<p>&nbsp;<\/p>\n<p><a href=\"https:\/\/sv-eberfing.de\/wordpress\/ls\/files\/2012\/07\/sportabzeichen8_17.jpg\"><img decoding=\"async\" class=\"aligncenter size-medium wp-image-56\" src=\"https:\/\/sv-eberfing.de\/wordpress\/ls\/files\/2012\/07\/sportabzeichen8_17-300x94.jpg\" alt=\"Sportabzeichen Gruppe 8 - 17 Jahre\" width=\"300\" height=\"94\" srcset=\"https:\/\/sv-eberfing.de\/wordpress\/ls\/files\/2012\/07\/sportabzeichen8_17-300x94.jpg 300w, https:\/\/sv-eberfing.de\/wordpress\/ls\/files\/2012\/07\/sportabzeichen8_17-500x158.jpg 500w, https:\/\/sv-eberfing.de\/wordpress\/ls\/files\/2012\/07\/sportabzeichen8_17.jpg 598w\" sizes=\"(max-width: 300px) 100vw, 300px\" \/><\/a><\/p>\n<p>&nbsp;<\/p>\n<p>&nbsp;<\/p>\n<p>Das Erwachsenensportabzeichen ab 18 Jahre<\/p>\n<p><a href=\"https:\/\/sv-eberfing.de\/wordpress\/ls\/files\/2012\/07\/sportabzeichen_ab_18.jpg\"><img decoding=\"async\" class=\"aligncenter size-medium wp-image-57\" src=\"https:\/\/sv-eberfing.de\/wordpress\/ls\/files\/2012\/07\/sportabzeichen_ab_18-300x95.jpg\" alt=\"Sportabzeichen Ab 18 Jahre\" width=\"300\" height=\"95\" srcset=\"https:\/\/sv-eberfing.de\/wordpress\/ls\/files\/2012\/07\/sportabzeichen_ab_18-300x95.jpg 300w, https:\/\/sv-eberfing.de\/wordpress\/ls\/files\/2012\/07\/sportabzeichen_ab_18.jpg 394w\" sizes=\"(max-width: 300px) 100vw, 300px\" \/><\/a><\/p>\n<p>Deutsche Sportabzeichen mit Zahl (bicolor)<\/p>\n<p>&nbsp;<\/p>\n<p>&nbsp;<\/p>\n<p>Das Deutsche Sportabzeichen ist seit 100 Jahren eine starke Marke<\/p>\n<p>&nbsp;<\/p>\n<p><strong>\u00a0 \u00a0 \u00a0 \u00a0 \u00a0 \u00a0 \u00a0 \u00a0 \u00a0 \u00a0 \u00a0 \u00a0 \u00a0 \u00a0 \u00a0 \u00a0 \u00a0 \u00a0 \u00a0 \u00a0 \u00a0 \u00a0 \u00a0 \u00a0 \u00a0 \u00a0 \u00a0 \u00a0 \u00a0 \u00a0 \u00a0 \u00a0 \u00a0 \u00a0 \u00a0 \u00a0 \u00a0 \u00a0 \u00a0 \u00a0 \u00a0 \u00a0 \u00a0 \u00a0 \u00a0 \u00a0 \u00a0Deutsche Sportabzeichen<\/strong><\/p>\n<p>Das Deutsche Sportabzeichen (DSA) ist eine Auszeichnung des Deutschen Olympischen Sportbundes (DOSB). Es ist die h\u00f6chste Auszeichnung au\u00dferhalb des Wettkampfsports und wird als Leistungsabzeichen f\u00fcr \u00fcberdurchschnittliche und vielseitige k\u00f6rperliche Leistungsf\u00e4higkeit verliehen. Die zu erbringenden Leistungen orientieren sich an den motorischen Grundf\u00e4higkeiten Ausdauer, Kraft, Schnelligkeit und Koordination. Der Nachweis der Schwimmfertigkeit ist notwendige Voraussetzung f\u00fcr den Erwerb des Deutschen Sportabzeichens.<\/p>\n<p>Das Deutsche Sportabzeichen kann von M\u00e4nnern und Frauen sowohl in der Bundesrepublik Deutschland als auch im Ausland erworben werden. Voraussetzung ist das erfolgreiche Absolvieren der in diesem Regelwerk geforderten Leistungen.<\/p>\n<p>Das Deutsche Sportabzeichen wird verliehen<\/p>\n<p>-als <strong>Deutsches Sportabzeichen f\u00fcr Kinder und Jugendliche<\/strong> an Jungen und M\u00e4dchen, ab dem Kalenderjahr, in dem das 6. Lebensjahr erreicht wird.<\/p>\n<p>-als <strong>Deutsches Sportabzeichen <\/strong>an Erwachsene, ab dem Kalenderjahr, in dem das 18. Lebensjahr erreicht wird.<\/p>\n<p>Das Deutsche Sportabzeichen ist ein Ehrenzeichen der Bundesrepublik Deutschland mit Ordenscharakter.<\/p>\n<p>Die zur Auswahl stehenden Disziplinen und die nach Alter und Geschlecht differenzierten Leistungsanforderungen f\u00fcr das <strong>Deutsche\u00a0Sportabzeichen f\u00fcr Kinder und Jugendliche und das Deutsche Sportabzeichen<\/strong> sind in den jeweiligen Leistungskatalogen geregelt, die Bestandteile dieses Pr\u00fcfungswegweisers sind.<\/p>\n<p>Das Deutsche Sportabzeichen ist ein Leistungsabzeichen und kann auf den Leistungsstufen Bronze, Silber und Gold erworben werden. F\u00fcr den Erwerb empfiehlt sich eine gezielte k\u00f6rperliche Vorbereitung mit qualifiziertem Training, wie es vor allem von Sportvereinen, aber auch von Sportabzeichen-Treffs angeboten wird. An dem Training und den Pr\u00fcfungen darf nur teilnehmen, wer gesund ist.<\/p>\n<p>Das Training und die Abnahme des Deutschen Sportabzeichens bietet Sportvereinen die M\u00f6glichkeit, neue Mitglieder zu gewinnen und ein attraktives Angebot f\u00fcr die bisherigen Mitglieder zu schaffen.<\/p>\n<p><strong>\u00a0<\/strong><strong>\u00a0<\/strong><\/p>\n<p>&nbsp;<\/p>\n<p><a href=\"https:\/\/sv-eberfing.de\/wordpress\/ls\/files\/2012\/07\/abzeichen_erwachsene.gif\"><img decoding=\"async\" class=\"aligncenter size-medium wp-image-58\" src=\"https:\/\/sv-eberfing.de\/wordpress\/ls\/files\/2012\/07\/abzeichen_erwachsene-300x124.gif\" alt=\"Abzeichen mit Zahl\" width=\"300\" height=\"124\" srcset=\"https:\/\/sv-eberfing.de\/wordpress\/ls\/files\/2012\/07\/abzeichen_erwachsene-300x124.gif 300w, https:\/\/sv-eberfing.de\/wordpress\/ls\/files\/2012\/07\/abzeichen_erwachsene.gif 315w\" sizes=\"(max-width: 300px) 100vw, 300px\" \/><\/a><\/p>\n<p>&nbsp;<\/p>\n<p>&nbsp;<\/p>\n","protected":false},"excerpt":{"rendered":"<p>Das Deutsche Sportabzeichen &nbsp; Das Deutsche Sportabzeichen kann von jedermann erworben werden und ist in zwei Klassen eingeteilt: &nbsp; Das<\/p>\n","protected":false},"author":1,"featured_media":0,"parent":0,"menu_order":0,"comment_status":"closed","ping_status":"closed","template":"","meta":{"colormag_page_container_layout":"default_layout","colormag_page_sidebar_layout":"default_layout","ngg_post_thumbnail":0,"footnotes":""},"class_list":["post-55","page","type-page","status-publish","hentry"],"publishpress_future_action":{"enabled":false,"date":"2026-05-06 15:49:45","action":"change-status","newStatus":"draft","terms":[],"taxonomy":"","extraData":[]},"publishpress_future_workflow_manual_trigger":{"enabledWorkflows":[]},"_links":{"self":[{"href":"https:\/\/sv-eberfing.de\/wordpress\/ls\/wp-json\/wp\/v2\/pages\/55","targetHints":{"allow":["GET"]}}],"collection":[{"href":"https:\/\/sv-eberfing.de\/wordpress\/ls\/wp-json\/wp\/v2\/pages"}],"about":[{"href":"https:\/\/sv-eberfing.de\/wordpress\/ls\/wp-json\/wp\/v2\/types\/page"}],"author":[{"embeddable":true,"href":"https:\/\/sv-eberfing.de\/wordpress\/ls\/wp-json\/wp\/v2\/users\/1"}],"replies":[{"embeddable":true,"href":"https:\/\/sv-eberfing.de\/wordpress\/ls\/wp-json\/wp\/v2\/comments?post=55"}],"version-history":[{"count":14,"href":"https:\/\/sv-eberfing.de\/wordpress\/ls\/wp-json\/wp\/v2\/pages\/55\/revisions"}],"predecessor-version":[{"id":119,"href":"https:\/\/sv-eberfing.de\/wordpress\/ls\/wp-json\/wp\/v2\/pages\/55\/revisions\/119"}],"wp:attachment":[{"href":"https:\/\/sv-eberfing.de\/wordpress\/ls\/wp-json\/wp\/v2\/media?parent=55"}],"curies":[{"name":"wp","href":"https:\/\/api.w.org\/{rel}","templated":true}]}}